{"id":948,"date":"2023-03-30T22:22:11","date_gmt":"2023-03-30T20:22:11","guid":{"rendered":"https:\/\/comitecommemoratifargonne.fr\/?page_id=948"},"modified":"2025-04-21T10:34:24","modified_gmt":"2025-04-21T08:34:24","slug":"lagenda","status":"publish","type":"page","link":"https:\/\/comitecommemoratifargonne.fr\/index.php\/lagenda\/","title":{"rendered":"L&rsquo;agenda"},"content":{"rendered":"\n<p align=\"justify\">Vous trouverez ici les prochaines actions ou c\u00e9r\u00e9monies qui seront organis\u00e9es par le Comit\u00e9 Comm\u00e9moratif de l&rsquo;Argonne. Ces informations sont donn\u00e9es \u00e0 titre indicatif puisque certains \u00e9v\u00e9nements peuvent \u00eatre annul\u00e9es ou report\u00e9es sans pr\u00e9avis. Avant de vou6s y rendre, nous vous conseillons de contacter le Comit\u00e9 Comm\u00e9moratif de l\u2019Argonne pour obtenir plus d\u2019informations.<\/p><br>\n\n\n\n<h4 class=\"wp-block-heading\">Journ\u00e9e travaux ouverte aux sympathisants &#8211; Monument-Ossuaire de la Haute Chevauch\u00e9e (55)<\/h4>\n\n\n\n<p align=\"justify\"><strong><u>Samedi 10 mai 2025 de 9h30 \u00e0 18h00 :<br><br><\/strong>\n<\/u>Journ\u00e9e travaux sur le site du Monument-Ossuaire de la Haute Chevauch\u00e9e ouverte aux sympathisants de notre Comit\u00e9. Cette ann\u00e9e, il est pr\u00e9vu divers travaux de nettoyage, de d\u00e9sherbage et de peinture.<br>\nLe Comit\u00e9 offrira un ap\u00e9ritif aux participants. Vous pourrez \u00e9galement d\u00e9jeuner sur place en pr\u00e9voyant votre pique-nique.<\/p><br>\n\n\n\n<h4 class=\"wp-block-heading\">Hommage au  Second Lieutenant Erwin R. Bleckley &#8211; Argonne-Meuse American Cemetery (55)<\/h4>\n\n\n\n<p align=\"justify\"><strong><u\n>Dimanche 25 mai 2025 \u00e0 10h00 :<br><br><\/strong><\/u>\nC\u00e9r\u00e9monie en hommage \u00e0 notre filleul, le Second Lieutenant Erwin R. Bleckley au Meuse-Argonne American Cemetery de Romagne-sous-Montfaucon (55).<br>\nNous vous proposons de nous retrouver \u00e0 9h30 devant la fontaine centrale du cimeti\u00e8re pour monter ensuite en cort\u00e8ge vers sa tombe.<\/p><br>\n\n\n\n<h4 class=\"wp-block-heading\">Memorial Day &#8211; Meuse-Argonne American Cemetery (55)<\/h4>\n\n\n\n<p align=\"justify\"><strong><u>Dimanche 25 mai 2025 \u00e0 11h00 :<br><br><\/strong><\/u>\nL&rsquo;American Battle Monument Commission organise le Memorial Day au Meuse-Argonne American Cemetery de Romagne-sous-Montfaucon. Vous pouvez assister \u00e0 cette grande c\u00e9r\u00e9monie am\u00e9ricaine en vous rendant sur le site.<\/p><br>\n\n\n\n<h4 class=\"wp-block-heading\">Sortie sur le th\u00e8me \u00ab\u00a0Les arri\u00e8res allemands et l&rsquo;Argonnenbahn\u00a0\u00bb<\/h4>\n\n\n\n<p align=\"justify\"><strong><u>Samedi 7 juin 2025 de 9h30 \u00e0 18h00 :<br><br><\/strong><\/u>\nVisite guid\u00e9e anim\u00e9e par Monsieur Embry sur le th\u00e8me \u00ab Les arri\u00e8res allemands et l\u2019Argonnenbahn \u00bb. Le programme d\u00e9taill\u00e9 de cette journ\u00e9e sera transmis ult\u00e9rieurement aux personnes inscrites.<br>\nLes inscriptions sont obligatoires par mail (ccargonne@gmail.com) ou par courrier. L&rsquo;inscription est gratuite pour les adh\u00e9rents \u00e0 jour de leurs cotisations, pour les autres personnes les frais de participation sont de 5,00 \u20ac. Le groupe sera limit\u00e9 \u00e0 15 participants maximum.<br>\nIl vous faudra pr\u00e9voir des chaussures de randonn\u00e9e, des v\u00eatements de pluie (en fonction de la m\u00e9t\u00e9o du jour) et votre pique-nique. Une partie des d\u00e9placements se fera en voiture (v\u00e9hicule personnel) pour rallier les diff\u00e9rents sites.<\/p><br>\n\n\n\n<h4 class=\"wp-block-heading\">Assembl\u00e9e g\u00e9n\u00e9rale ordinaire du Comit\u00e9 Comm\u00e9moratif de l&rsquo;Argonne &#8211; Abri du P\u00e8lerin (55)<\/h4>\n\n\n\n<p align=\"justify\"><strong><u>Samedi 5 juillet 2025  \u00e0 partir de 9h00 :<br><br><\/strong><\/u>\nAssembl\u00e9e g\u00e9n\u00e9rale ordinaire du Comit\u00e9 Comm\u00e9moratif de l\u2019Argonne en l\u2019Abri du P\u00e8lerin, face au Monument-Ossuaire de la Haute Chevauch\u00e9e. Une convocation sera envoy\u00e9e aux adh\u00e9rents \u00e0 jour de leur cotisation.<\/p><br>\n\n\n\n<h4 class=\"wp-block-heading\">110\u00b0 anniversaire des combats d&rsquo;Argonne &#8211; Monument-Ossuaire de la Haute Chevauch\u00e9e (55)<\/h4>\n\n\n\n<p align=\"justify\"><strong><u>Samedi 5 juillet 2025  \u00e0 partir de 10h30 :<br><br><\/strong><\/u>\nC\u00e9r\u00e9monie en hommage aux morts fran\u00e7ais, allemands, am\u00e9ricains, italiens et tch\u00e9coslovaques au Monument-Ossuaire de la Haute Chevauch\u00e9e. Plusieurs discours seront prononc\u00e9s \u00e0 l&rsquo;occasion de cet hommage et des gerbes seront d\u00e9pos\u00e9es au pied de notre mausol\u00e9e.<br>\nNotre Comit\u00e9 tiendra son traditionnel repas des adh\u00e9rents apr\u00e8s cette c\u00e9r\u00e9monie. Les inscriptions sont obligatoires, vous pouvez contacter notre Comit\u00e9 par mail (ccargonne@gmail.com) ou par courrier.<\/p><br>\n\n\n\n<h4 class=\"wp-block-heading\">Sortie sur le th\u00e8me \u00ab\u00a0Les blind\u00e9s fran\u00e7ais et am\u00e9ricains en Argonne\u00a0\u00bb<\/h4>\n\n\n\n<p align=\"justify\"><strong><u>Samedi 4 octobre 2025 de 9h30 \u00e0 18h00 :<br><br><\/strong><\/u>\nVisite guid\u00e9e anim\u00e9e par Monsieur Embry sur le th\u00e8me \u00ab Les blind\u00e9s fran\u00e7ais et am\u00e9ricains en Argonne \u00bb. Le programme d\u00e9taill\u00e9 de cette journ\u00e9e sera transmis ult\u00e9rieurement aux personnes inscrites.<br>\nLes inscriptions sont obligatoires par mail (ccargonne@gmail.com) ou par courrier. L&rsquo;inscription est gratuite pour les adh\u00e9rents \u00e0 jour de leurs cotisations, pour les autres personnes les frais de participation sont de 5,00 \u20ac. Le groupe sera limit\u00e9 \u00e0 15 participants maximum.<br>\nIl vous faudra pr\u00e9voir des chaussures de randonn\u00e9e, des v\u00eatements de pluie (en fonction de la m\u00e9t\u00e9o du jour) et votre pique-nique. Une partie des d\u00e9placements se fera en voiture (v\u00e9hicule personnel) pour rallier les diff\u00e9rents sites.<\/p><br>\n","protected":false},"excerpt":{"rendered":"<p>Vous trouverez ici les prochaines actions ou c\u00e9r\u00e9monies qui seront organis\u00e9es par le Comit\u00e9 Comm\u00e9moratif de l&rsquo;Argonne. Ces informations sont donn\u00e9es \u00e0 titre indicatif puisque certains \u00e9v\u00e9nements peuvent \u00eatre annul\u00e9es ou report\u00e9es sans pr\u00e9avis. Avant de vou6s y rendre, nous vous conseillons de contacter le Comit\u00e9 Comm\u00e9moratif de l\u2019Argonne pour obtenir plus d\u2019informations. Journ\u00e9e travaux&hellip;<a href=\"https:\/\/comitecommemoratifargonne.fr\/index.php\/lagenda\/\" class=\"more-link\">Continue reading <span class=\"screen-reader-text\">L&rsquo;agenda<\/span><\/a><\/p>\n","protected":false},"author":1,"featured_media":0,"parent":0,"menu_order":0,"comment_status":"closed","ping_status":"closed","template":"page_fullwidth.php","meta":[],"_links":{"self":[{"href":"https:\/\/comitecommemoratifargonne.fr\/index.php\/wp-json\/wp\/v2\/pages\/948"}],"collection":[{"href":"https:\/\/comitecommemoratifargonne.fr\/index.php\/wp-json\/wp\/v2\/pages"}],"about":[{"href":"https:\/\/comitecommemoratifargonne.fr\/index.php\/wp-json\/wp\/v2\/types\/page"}],"author":[{"embeddable":true,"href":"https:\/\/comitecommemoratifargonne.fr\/index.php\/wp-json\/wp\/v2\/users\/1"}],"replies":[{"embeddable":true,"href":"https:\/\/comitecommemoratifargonne.fr\/index.php\/wp-json\/wp\/v2\/comments?post=948"}],"version-history":[{"count":29,"href":"https:\/\/comitecommemoratifargonne.fr\/index.php\/wp-json\/wp\/v2\/pages\/948\/revisions"}],"predecessor-version":[{"id":1027,"href":"https:\/\/comitecommemoratifargonne.fr\/index.php\/wp-json\/wp\/v2\/pages\/948\/revisions\/1027"}],"wp:attachment":[{"href":"https:\/\/comitecommemoratifargonne.fr\/index.php\/wp-json\/wp\/v2\/media?parent=948"}],"curies":[{"name":"wp","href":"https:\/\/api.w.org\/{rel}","templated":true}]}}