{"id":40,"date":"2019-08-25T20:20:16","date_gmt":"2019-08-25T18:20:16","guid":{"rendered":"http:\/\/comitecommemoratifargonne.fr\/?page_id=40"},"modified":"2021-07-26T20:46:59","modified_gmt":"2021-07-26T18:46:59","slug":"trouver","status":"publish","type":"page","link":"https:\/\/comitecommemoratifargonne.fr\/index.php\/contact-2\/trouver\/","title":{"rendered":"Nous trouver"},"content":{"rendered":"\n<div class=\"wp-block-columns has-2-columns is-layout-flex wp-container-3\">\n<div class=\"wp-block-column is-layout-flow\">\n<h2 class=\"wp-block-heading\">Monument Ossuaire<\/h2>\n\n\n\n<h4 class=\"wp-block-heading\">Coordonn\u00e9es GPS<\/h4>\n\n\n\n<p>N 49\u00b0 11&prime; 20,76&Prime;<br>E 4\u00b0 59&prime; 38,64&Prime;<\/p>\n\n\n\n<h4 class=\"wp-block-heading\">Acc\u00e8s<\/h4>\n\n\n\n<p align=\"justify\">Le Monument-Ossuaire se trouve au bord de la route d\u00e9partementale n\u00b038C dite \u00ab\u00a0d&rsquo;acc\u00e8s au Monument de la Haute Chevauch\u00e9e\u00a0\u00bb, mais vous pouvez utiliser les coordonn\u00e9es GPS ci-dessus pour le trouver plus facilement.\n<br>La crypte est ouverte au public du dernier week-end d&rsquo;avril au 11 novembre inclus.\n<br>Les environs du site subissent depuis l&rsquo;\u00e9t\u00e9 2020 d&rsquo;importants travaux forestiers pour enrailler la prolif\u00e9ration des scolytes. Notre Comit\u00e9 demande express\u00e9ment aux p\u00e8lerins et aux visiteurs, de bien vouloir rester sur les sentiers balis\u00e9s et de respecter la signalisation et les \u00e9ventuelles fermetures de routes ou de chemins qui pourraient \u00eatre install\u00e9s sur le site et dans ses environs. Merci de votre compr\u00e9hension.<\/p>\n<\/div>\n\n\n\n<div class=\"wp-block-column is-layout-flow\">\n<h2 class=\"wp-block-heading\">Si\u00e8ge social<\/h2>\n\n\n\n<h4 class=\"wp-block-heading\">Adresse postale<\/h4>\n\n\n\n<p>16, Rue des Verriers<br>\u00c9cart de Loch\u00e8res<br>55120 AUBREVILLE<\/p>\n\n\n\n<p align=\"justify\"><em>Le Comit\u00e9 ne dispose pas d&rsquo;un bureau accessible au public, mais vous pouvez nous contacter par courrier, par mail ou encore via sa page Facebook.<\/em><\/p>\n\n\n\n<h4 class=\"wp-block-heading\">Mail<\/h4>\n\n\n\n<p>ccargonne@gmail.com<\/p>\n\n\n\n<h4 class=\"wp-block-heading\">Facebook<\/h4>\n\n\n\n<figure class=\"wp-block-image is-resized\"><a href=\"https:\/\/www.facebook.com\/comitecommemoratifargonne\/\" target=\"_blank\" rel=\"noreferrer noopener\"><img decoding=\"async\" loading=\"lazy\" src=\"http:\/\/comitecommemoratifargonne.fr\/wp-content\/uploads\/2019\/09\/Logo_Facebook.png\" alt=\"\" class=\"wp-image-149\" width=\"50\" height=\"52\"\/><\/a><\/figure>\n<\/div>\n<\/div>\n\n\n\n<iframe loading=\"lazy\" src=\"https:\/\/www.google.com\/maps\/embed?pb=!1m18!1m12!1m3!1d5018.215936502961!2d4.994967757652353!3d49.18891739641313!2m3!1f0!2f0!3f0!3m2!1i1024!2i768!4f13.1!3m3!1m2!1s0x0%3A0xd40fb58e2f7a6580!2sOssuaire%20de%20la%20Haute-Chevauch%C3%A9e!5e0!3m2!1sfr!2sfr!4v1566840120057!5m2!1sfr!2sfr\" style=\"border:0;\" allowfullscreen=\"\" width=\"850\" height=\"638\" frameborder=\"0\"><\/iframe>\n","protected":false},"excerpt":{"rendered":"<p>Monument Ossuaire Coordonn\u00e9es GPS N 49\u00b0 11&prime; 20,76&Prime;E 4\u00b0 59&prime; 38,64&Prime; Acc\u00e8s Le Monument-Ossuaire se trouve au bord de la route d\u00e9partementale n\u00b038C dite \u00ab\u00a0d&rsquo;acc\u00e8s au Monument de la Haute Chevauch\u00e9e\u00a0\u00bb, mais vous pouvez utiliser les coordonn\u00e9es GPS ci-dessus pour le trouver plus facilement. La crypte est ouverte au public du dernier week-end d&rsquo;avril au&hellip;<a href=\"https:\/\/comitecommemoratifargonne.fr\/index.php\/contact-2\/trouver\/\" class=\"more-link\">Continue reading <span class=\"screen-reader-text\">Nous trouver<\/span><\/a><\/p>\n","protected":false},"author":1,"featured_media":0,"parent":243,"menu_order":0,"comment_status":"closed","ping_status":"closed","template":"page_fullwidth.php","meta":[],"_links":{"self":[{"href":"https:\/\/comitecommemoratifargonne.fr\/index.php\/wp-json\/wp\/v2\/pages\/40"}],"collection":[{"href":"https:\/\/comitecommemoratifargonne.fr\/index.php\/wp-json\/wp\/v2\/pages"}],"about":[{"href":"https:\/\/comitecommemoratifargonne.fr\/index.php\/wp-json\/wp\/v2\/types\/page"}],"author":[{"embeddable":true,"href":"https:\/\/comitecommemoratifargonne.fr\/index.php\/wp-json\/wp\/v2\/users\/1"}],"replies":[{"embeddable":true,"href":"https:\/\/comitecommemoratifargonne.fr\/index.php\/wp-json\/wp\/v2\/comments?post=40"}],"version-history":[{"count":49,"href":"https:\/\/comitecommemoratifargonne.fr\/index.php\/wp-json\/wp\/v2\/pages\/40\/revisions"}],"predecessor-version":[{"id":617,"href":"https:\/\/comitecommemoratifargonne.fr\/index.php\/wp-json\/wp\/v2\/pages\/40\/revisions\/617"}],"up":[{"embeddable":true,"href":"https:\/\/comitecommemoratifargonne.fr\/index.php\/wp-json\/wp\/v2\/pages\/243"}],"wp:attachment":[{"href":"https:\/\/comitecommemoratifargonne.fr\/index.php\/wp-json\/wp\/v2\/media?parent=40"}],"curies":[{"name":"wp","href":"https:\/\/api.w.org\/{rel}","templated":true}]}}