{"id":38,"date":"2019-08-25T20:19:36","date_gmt":"2019-08-25T18:19:36","guid":{"rendered":"http:\/\/comitecommemoratifargonne.fr\/?page_id=38"},"modified":"2023-03-30T23:21:53","modified_gmt":"2023-03-30T21:21:53","slug":"bienvenue","status":"publish","type":"page","link":"https:\/\/comitecommemoratifargonne.fr\/","title":{"rendered":"Bienvenue"},"content":{"rendered":"\n<meta name=\"google-site-verification\" content=\"Az7oEi87SKnacf734D3rR_f661_7NnC0wHGzik-qJ-U\">\n<p align=\"justify\">Bienvenue au Comit\u00e9 Comm\u00e9moratif de l&rsquo;Argonne.\n<br>\n<br>\nCr\u00e9\u00e9 en 1921 sous l&rsquo;impulsion de Madame la Comtesse de Martimprey, le Comit\u00e9 Comm\u00e9moratif de l&rsquo;Argonne n&rsquo;a eu de cesse depuis la fin de la Grande Guerre que d&rsquo;\u00eatre fid\u00e8le \u00e0 sa devise \u00ab\u00a0<em>Afin que souvenir jamais ne meure<\/em>\u00ab\u00a0. Ainsi il d\u00e9fend la m\u00e9moire des alli\u00e9s tu\u00e9s ou port\u00e9s disparus durant les combats d&rsquo;Argonne depuis pr\u00e8s d&rsquo;un si\u00e8cle. Nous avons associ\u00e9 les combattants allemands \u00e0 nos c\u00e9r\u00e9monies dans les ann\u00e9es 1970.\n<br>\n<br>\nNous vous invitons \u00e0 d\u00e9couvrir notre histoire, les noms des combattants inscrits dans la crypte, mais aussi nos actions.<br><br><br><\/p>\n\n\n\n<div class=\"wp-block-columns is-layout-flex wp-container-3\">\n<div class=\"wp-block-column is-layout-flow\"><div class=\"wp-block-image is-style-rounded\">\n<figure class=\"aligncenter size-large is-resized\" id=\"http:\/\/comitecommemoratifargonne.fr\/index.php\/comite\/\"><a href=\"https:\/\/comitecommemoratifargonne.fr\/index.php\/comite\/histoire-comite\/\"><img decoding=\"async\" loading=\"lazy\" src=\"http:\/\/comitecommemoratifargonne.fr\/wp-content\/uploads\/2019\/09\/CAA_Vignette_Histoire.jpg\" alt=\"\" class=\"wp-image-333\" width=\"350\" height=\"350\" srcset=\"https:\/\/comitecommemoratifargonne.fr\/wp-content\/uploads\/2019\/09\/CAA_Vignette_Histoire.jpg 990w, https:\/\/comitecommemoratifargonne.fr\/wp-content\/uploads\/2019\/09\/CAA_Vignette_Histoire-150x150.jpg 150w, https:\/\/comitecommemoratifargonne.fr\/wp-content\/uploads\/2019\/09\/CAA_Vignette_Histoire-300x300.jpg 300w, https:\/\/comitecommemoratifargonne.fr\/wp-content\/uploads\/2019\/09\/CAA_Vignette_Histoire-768x768.jpg 768w, https:\/\/comitecommemoratifargonne.fr\/wp-content\/uploads\/2019\/09\/CAA_Vignette_Histoire-750x750.jpg 750w\" sizes=\"(max-width: 350px) 100vw, 350px\" \/><\/a><\/figure><\/div>\n\n\n<h3 class=\"wp-block-heading has-text-align-center\"><a href=\"https:\/\/comitecommemoratifargonne.fr\/index.php\/comite\/histoire-comite\/\">Notre histoire<\/a><\/h3>\n\n\n\n<p class=\"has-text-align-center\"><a href=\"https:\/\/comitecommemoratifargonne.fr\/index.php\/comite\/histoire-comite\/\">D\u00e9couvrez l&rsquo;histoire<\/a><br><a href=\"https:\/\/comitecommemoratifargonne.fr\/index.php\/comite\/histoire-comite\/\">de notre Comit\u00e9<\/a><\/p>\n<\/div>\n\n\n\n<div class=\"wp-block-column is-layout-flow\"><div class=\"wp-block-image is-style-rounded\">\n<figure class=\"aligncenter size-large is-resized\"><a href=\"https:\/\/comitecommemoratifargonne.fr\/index.php\/crypte__trashed\/ex-votos\/\"><img decoding=\"async\" loading=\"lazy\" src=\"http:\/\/comitecommemoratifargonne.fr\/wp-content\/uploads\/2019\/09\/CAA_Vignette_Crypte-1-1024x1024.jpg\" alt=\"\" class=\"wp-image-176\" width=\"350\" height=\"350\" srcset=\"https:\/\/comitecommemoratifargonne.fr\/wp-content\/uploads\/2019\/09\/CAA_Vignette_Crypte-1-1024x1024.jpg 1024w, https:\/\/comitecommemoratifargonne.fr\/wp-content\/uploads\/2019\/09\/CAA_Vignette_Crypte-1-150x150.jpg 150w, https:\/\/comitecommemoratifargonne.fr\/wp-content\/uploads\/2019\/09\/CAA_Vignette_Crypte-1-300x300.jpg 300w, https:\/\/comitecommemoratifargonne.fr\/wp-content\/uploads\/2019\/09\/CAA_Vignette_Crypte-1-768x768.jpg 768w, https:\/\/comitecommemoratifargonne.fr\/wp-content\/uploads\/2019\/09\/CAA_Vignette_Crypte-1-750x750.jpg 750w, https:\/\/comitecommemoratifargonne.fr\/wp-content\/uploads\/2019\/09\/CAA_Vignette_Crypte-1.jpg 1200w\" sizes=\"(max-width: 350px) 100vw, 350px\" \/><\/a><\/figure><\/div>\n\n\n<h3 class=\"wp-block-heading has-text-align-center\"><a href=\"http:\/\/comitecommemoratifargonne.fr\/index.php\/crypte\/\">Les ex-voto<\/a><\/h3>\n\n\n\n<p class=\"has-text-align-center\"><a href=\"https:\/\/comitecommemoratifargonne.fr\/index.php\/crypte__trashed\/ex-votos\/\">D\u00e9couvrez les ex-voto et les noms des<\/a><br><a href=\"https:\/\/comitecommemoratifargonne.fr\/index.php\/crypte__trashed\/ex-votos\/\">combattants inscrits dans la crypte<\/a><\/p>\n<\/div>\n<\/div>\n\n\n\n<div class=\"wp-block-columns is-layout-flex wp-container-6\">\n<div class=\"wp-block-column is-layout-flow\"><div class=\"wp-block-image is-style-rounded\">\n<figure class=\"aligncenter size-full is-resized\" id=\"http:\/\/comitecommemoratifargonne.fr\/index.php\/comite\/\"><a href=\"https:\/\/comitecommemoratifargonne.fr\/index.php\/centenaire\/\"><img decoding=\"async\" loading=\"lazy\" src=\"https:\/\/comitecommemoratifargonne.fr\/wp-content\/uploads\/2023\/03\/CAA_Vignette_Cent.jpg\" alt=\"\" class=\"wp-image-960\" width=\"350\" height=\"350\" srcset=\"https:\/\/comitecommemoratifargonne.fr\/wp-content\/uploads\/2023\/03\/CAA_Vignette_Cent.jpg 955w, https:\/\/comitecommemoratifargonne.fr\/wp-content\/uploads\/2023\/03\/CAA_Vignette_Cent-300x300.jpg 300w, https:\/\/comitecommemoratifargonne.fr\/wp-content\/uploads\/2023\/03\/CAA_Vignette_Cent-150x150.jpg 150w, https:\/\/comitecommemoratifargonne.fr\/wp-content\/uploads\/2023\/03\/CAA_Vignette_Cent-768x768.jpg 768w, https:\/\/comitecommemoratifargonne.fr\/wp-content\/uploads\/2023\/03\/CAA_Vignette_Cent-750x750.jpg 750w\" sizes=\"(max-width: 350px) 100vw, 350px\" \/><\/a><\/figure><\/div>\n\n\n<h3 class=\"wp-block-heading has-text-align-center\"><a href=\"https:\/\/comitecommemoratifargonne.fr\/index.php\/centenaire\/\">Le Centenaire<\/a><\/h3>\n\n\n\n<p class=\"has-text-align-center\"><a href=\"https:\/\/comitecommemoratifargonne.fr\/index.php\/centenaire\/\">Revivez les \u00e9v\u00e9nements du Centenaire de notre association et du Monument-Ossuaire<\/a><\/p>\n<\/div>\n\n\n\n<div class=\"wp-block-column is-layout-flow\"><div class=\"wp-block-image is-style-rounded\">\n<figure class=\"aligncenter size-full is-resized\"><a href=\"https:\/\/comitecommemoratifargonne.fr\/index.php\/lagenda\/\"><img decoding=\"async\" loading=\"lazy\" src=\"https:\/\/comitecommemoratifargonne.fr\/wp-content\/uploads\/2023\/03\/CAA_Vignette_agenda.jpg\" alt=\"\" class=\"wp-image-963\" width=\"350\" height=\"350\" srcset=\"https:\/\/comitecommemoratifargonne.fr\/wp-content\/uploads\/2023\/03\/CAA_Vignette_agenda.jpg 915w, https:\/\/comitecommemoratifargonne.fr\/wp-content\/uploads\/2023\/03\/CAA_Vignette_agenda-300x300.jpg 300w, https:\/\/comitecommemoratifargonne.fr\/wp-content\/uploads\/2023\/03\/CAA_Vignette_agenda-150x150.jpg 150w, https:\/\/comitecommemoratifargonne.fr\/wp-content\/uploads\/2023\/03\/CAA_Vignette_agenda-768x768.jpg 768w, https:\/\/comitecommemoratifargonne.fr\/wp-content\/uploads\/2023\/03\/CAA_Vignette_agenda-750x750.jpg 750w\" sizes=\"(max-width: 350px) 100vw, 350px\" \/><\/a><\/figure><\/div>\n\n\n<h3 class=\"wp-block-heading has-text-align-center\"><a href=\"https:\/\/comitecommemoratifargonne.fr\/index.php\/lagenda\/\">L&rsquo;agenda<\/a><\/h3>\n\n\n\n<p class=\"has-text-align-center\"><a href=\"https:\/\/comitecommemoratifargonne.fr\/index.php\/lagenda\/\">D\u00e9couvrez nos futures actions<br>ou c\u00e9r\u00e9monies<\/a><\/p>\n<\/div>\n<\/div>\n\n\n\n<div class=\"wp-block-columns is-layout-flex wp-container-9\">\n<div class=\"wp-block-column is-layout-flow\"><div class=\"wp-block-image is-style-rounded\">\n<figure class=\"aligncenter size-large is-resized\"><a href=\"http:\/\/comitecommemoratifargonne.fr\/index.php\/soutenir\/\"><img decoding=\"async\" loading=\"lazy\" src=\"http:\/\/comitecommemoratifargonne.fr\/wp-content\/uploads\/2019\/09\/CAA_Vignette_Comite-1-1024x1024.jpg\" alt=\"\" class=\"wp-image-187\" width=\"350\" height=\"350\" srcset=\"https:\/\/comitecommemoratifargonne.fr\/wp-content\/uploads\/2019\/09\/CAA_Vignette_Comite-1-1024x1024.jpg 1024w, https:\/\/comitecommemoratifargonne.fr\/wp-content\/uploads\/2019\/09\/CAA_Vignette_Comite-1-150x150.jpg 150w, https:\/\/comitecommemoratifargonne.fr\/wp-content\/uploads\/2019\/09\/CAA_Vignette_Comite-1-300x300.jpg 300w, https:\/\/comitecommemoratifargonne.fr\/wp-content\/uploads\/2019\/09\/CAA_Vignette_Comite-1-768x768.jpg 768w, https:\/\/comitecommemoratifargonne.fr\/wp-content\/uploads\/2019\/09\/CAA_Vignette_Comite-1-750x750.jpg 750w, https:\/\/comitecommemoratifargonne.fr\/wp-content\/uploads\/2019\/09\/CAA_Vignette_Comite-1.jpg 1211w\" sizes=\"(max-width: 350px) 100vw, 350px\" \/><\/a><\/figure><\/div>\n\n\n<h3 class=\"wp-block-heading has-text-align-center\"><a href=\"http:\/\/comitecommemoratifargonne.fr\/index.php\/soutenir\/\">Nous soutenir<\/a><\/h3>\n\n\n\n<p class=\"has-text-align-center\"><a href=\"http:\/\/comitecommemoratifargonne.fr\/index.php\/soutenir\/\">Vous souhaitez nous rejoindre<\/a><\/p>\n<\/div>\n\n\n\n<div class=\"wp-block-column is-layout-flow\"><div class=\"wp-block-image is-style-rounded\">\n<figure class=\"aligncenter size-large is-resized\"><a href=\"http:\/\/comitecommemoratifargonne.fr\/index.php\/contact-2\/\"><img decoding=\"async\" loading=\"lazy\" src=\"http:\/\/comitecommemoratifargonne.fr\/wp-content\/uploads\/2019\/09\/CAA_Vignette_Ossuaire-2-1024x1024.jpg\" alt=\"\" class=\"wp-image-193\" width=\"350\" height=\"350\" srcset=\"https:\/\/comitecommemoratifargonne.fr\/wp-content\/uploads\/2019\/09\/CAA_Vignette_Ossuaire-2-1024x1024.jpg 1024w, https:\/\/comitecommemoratifargonne.fr\/wp-content\/uploads\/2019\/09\/CAA_Vignette_Ossuaire-2-150x150.jpg 150w, https:\/\/comitecommemoratifargonne.fr\/wp-content\/uploads\/2019\/09\/CAA_Vignette_Ossuaire-2-300x300.jpg 300w, https:\/\/comitecommemoratifargonne.fr\/wp-content\/uploads\/2019\/09\/CAA_Vignette_Ossuaire-2-768x768.jpg 768w, https:\/\/comitecommemoratifargonne.fr\/wp-content\/uploads\/2019\/09\/CAA_Vignette_Ossuaire-2-750x750.jpg 750w, https:\/\/comitecommemoratifargonne.fr\/wp-content\/uploads\/2019\/09\/CAA_Vignette_Ossuaire-2.jpg 1211w\" sizes=\"(max-width: 350px) 100vw, 350px\" \/><\/a><\/figure><\/div>\n\n\n<h3 class=\"wp-block-heading has-text-align-center\"><a href=\"http:\/\/comitecommemoratifargonne.fr\/index.php\/contact-2\/\">Contact<\/a><\/h3>\n\n\n\n<p class=\"has-text-align-center\"><a href=\"http:\/\/comitecommemoratifargonne.fr\/index.php\/contact-2\/\">Vous voulez trouver le Monument Ossuaire<\/a><br><a href=\"http:\/\/comitecommemoratifargonne.fr\/index.php\/contact-2\/\">ou nous contacter<\/a><\/p>\n<\/div>\n<\/div>\n\n\n\n<p><\/p>\n","protected":false},"excerpt":{"rendered":"<p>Bienvenue au Comit\u00e9 Comm\u00e9moratif de l&rsquo;Argonne. Cr\u00e9\u00e9 en 1921 sous l&rsquo;impulsion de Madame la Comtesse de Martimprey, le Comit\u00e9 Comm\u00e9moratif de l&rsquo;Argonne n&rsquo;a eu de cesse depuis la fin de la Grande Guerre que d&rsquo;\u00eatre fid\u00e8le \u00e0 sa devise \u00ab\u00a0Afin que souvenir jamais ne meure\u00ab\u00a0. Ainsi il d\u00e9fend la m\u00e9moire des alli\u00e9s tu\u00e9s ou port\u00e9s&hellip;<a href=\"https:\/\/comitecommemoratifargonne.fr\/\" class=\"more-link\">Continue reading <span class=\"screen-reader-text\">Bienvenue<\/span><\/a><\/p>\n","protected":false},"author":1,"featured_media":0,"parent":0,"menu_order":0,"comment_status":"closed","ping_status":"closed","template":"page_fullwidth.php","meta":[],"_links":{"self":[{"href":"https:\/\/comitecommemoratifargonne.fr\/index.php\/wp-json\/wp\/v2\/pages\/38"}],"collection":[{"href":"https:\/\/comitecommemoratifargonne.fr\/index.php\/wp-json\/wp\/v2\/pages"}],"about":[{"href":"https:\/\/comitecommemoratifargonne.fr\/index.php\/wp-json\/wp\/v2\/types\/page"}],"author":[{"embeddable":true,"href":"https:\/\/comitecommemoratifargonne.fr\/index.php\/wp-json\/wp\/v2\/users\/1"}],"replies":[{"embeddable":true,"href":"https:\/\/comitecommemoratifargonne.fr\/index.php\/wp-json\/wp\/v2\/comments?post=38"}],"version-history":[{"count":67,"href":"https:\/\/comitecommemoratifargonne.fr\/index.php\/wp-json\/wp\/v2\/pages\/38\/revisions"}],"predecessor-version":[{"id":1004,"href":"https:\/\/comitecommemoratifargonne.fr\/index.php\/wp-json\/wp\/v2\/pages\/38\/revisions\/1004"}],"wp:attachment":[{"href":"https:\/\/comitecommemoratifargonne.fr\/index.php\/wp-json\/wp\/v2\/media?parent=38"}],"curies":[{"name":"wp","href":"https:\/\/api.w.org\/{rel}","templated":true}]}}