{"id":243,"date":"2019-09-11T13:35:01","date_gmt":"2019-09-11T11:35:01","guid":{"rendered":"http:\/\/comitecommemoratifargonne.fr\/?page_id=243"},"modified":"2023-03-30T22:48:07","modified_gmt":"2023-03-30T20:48:07","slug":"contact-2","status":"publish","type":"page","link":"https:\/\/comitecommemoratifargonne.fr\/index.php\/contact-2\/","title":{"rendered":"Contact"},"content":{"rendered":"\n<meta name=\"google-site-verification\" content=\"Az7oEi87SKnacf734D3rR_f661_7NnC0wHGzik-qJ-U\">\n<p align=\"justify\">Vous voulez visiter le site du Monument-Ossuaire de la Haute Chevauch\u00e9e ou nous contacter ? Vous trouverez toutes les informations n\u00e9cessaires.<br><br><br><\/p>\n\n\n\n<div class=\"wp-block-columns has-2-columns is-layout-flex wp-container-3\">\n<div class=\"wp-block-column is-layout-flow\"><div class=\"wp-block-image is-style-rounded\">\n<figure class=\"aligncenter size-full is-resized\"><img decoding=\"async\" loading=\"lazy\" src=\"https:\/\/comitecommemoratifargonne.fr\/wp-content\/uploads\/2023\/03\/CAA_Vignette_Histoire.jpg\" alt=\"\" class=\"wp-image-967\" width=\"350\" height=\"350\" srcset=\"https:\/\/comitecommemoratifargonne.fr\/wp-content\/uploads\/2023\/03\/CAA_Vignette_Histoire.jpg 990w, https:\/\/comitecommemoratifargonne.fr\/wp-content\/uploads\/2023\/03\/CAA_Vignette_Histoire-300x300.jpg 300w, https:\/\/comitecommemoratifargonne.fr\/wp-content\/uploads\/2023\/03\/CAA_Vignette_Histoire-150x150.jpg 150w, https:\/\/comitecommemoratifargonne.fr\/wp-content\/uploads\/2023\/03\/CAA_Vignette_Histoire-768x768.jpg 768w, https:\/\/comitecommemoratifargonne.fr\/wp-content\/uploads\/2023\/03\/CAA_Vignette_Histoire-750x750.jpg 750w\" sizes=\"(max-width: 350px) 100vw, 350px\" \/><\/figure><\/div>\n\n\n<h4 class=\"has-text-align-center wp-block-heading\"><a href=\"http:\/\/comitecommemoratifargonne.fr\/index.php\/contact-2\/trouver\/\">Nous trouver<\/a><\/h4>\n\n\n\n<p class=\"has-text-align-center\"><em><a href=\"http:\/\/comitecommemoratifargonne.fr\/index.php\/contact-2\/trouver\/\">Trouvez notre Monument-Ossuaire ou<\/a><\/em><br><em><a href=\"http:\/\/comitecommemoratifargonne.fr\/index.php\/contact-2\/trouver\/\">l&rsquo;adresse de notre si\u00e8ge social<\/a><\/em><\/p>\n<\/div>\n\n\n\n<div class=\"wp-block-column is-layout-flow\"><div class=\"wp-block-image is-style-rounded\">\n<figure class=\"aligncenter is-resized\"><a href=\"http:\/\/comitecommemoratifargonne.fr\/index.php\/contact-2\/contacter\/\"><img decoding=\"async\" loading=\"lazy\" src=\"http:\/\/comitecommemoratifargonne.fr\/wp-content\/uploads\/2019\/08\/CCA_Logo_HD-2.png\" alt=\"\" class=\"wp-image-61\" width=\"350\" height=\"350\" srcset=\"https:\/\/comitecommemoratifargonne.fr\/wp-content\/uploads\/2019\/08\/CCA_Logo_HD-2.png 385w, https:\/\/comitecommemoratifargonne.fr\/wp-content\/uploads\/2019\/08\/CCA_Logo_HD-2-150x150.png 150w, https:\/\/comitecommemoratifargonne.fr\/wp-content\/uploads\/2019\/08\/CCA_Logo_HD-2-300x300.png 300w\" sizes=\"(max-width: 350px) 100vw, 350px\" \/><\/a><\/figure><\/div>\n\n\n<h4 class=\"has-text-align-center wp-block-heading\"><a href=\"http:\/\/comitecommemoratifargonne.fr\/index.php\/contact-2\/contacter\/\">Nous contacter<\/a><\/h4>\n\n\n\n<p class=\"has-text-align-center\"><em><a href=\"http:\/\/comitecommemoratifargonne.fr\/index.php\/contact-2\/trouver\/\">Formulaire de contact<\/a><\/em><\/p>\n<\/div>\n<\/div>\n\n\n\n<p><\/p>\n","protected":false},"excerpt":{"rendered":"<p>Vous voulez visiter le site du Monument-Ossuaire de la Haute Chevauch\u00e9e ou nous contacter ? Vous trouverez toutes les informations n\u00e9cessaires. Nous trouver Trouvez notre Monument-Ossuaire oul&rsquo;adresse de notre si\u00e8ge social Nous contacter Formulaire de contact<\/p>\n","protected":false},"author":1,"featured_media":0,"parent":0,"menu_order":0,"comment_status":"closed","ping_status":"closed","template":"page_fullwidth.php","meta":[],"_links":{"self":[{"href":"https:\/\/comitecommemoratifargonne.fr\/index.php\/wp-json\/wp\/v2\/pages\/243"}],"collection":[{"href":"https:\/\/comitecommemoratifargonne.fr\/index.php\/wp-json\/wp\/v2\/pages"}],"about":[{"href":"https:\/\/comitecommemoratifargonne.fr\/index.php\/wp-json\/wp\/v2\/types\/page"}],"author":[{"embeddable":true,"href":"https:\/\/comitecommemoratifargonne.fr\/index.php\/wp-json\/wp\/v2\/users\/1"}],"replies":[{"embeddable":true,"href":"https:\/\/comitecommemoratifargonne.fr\/index.php\/wp-json\/wp\/v2\/comments?post=243"}],"version-history":[{"count":29,"href":"https:\/\/comitecommemoratifargonne.fr\/index.php\/wp-json\/wp\/v2\/pages\/243\/revisions"}],"predecessor-version":[{"id":969,"href":"https:\/\/comitecommemoratifargonne.fr\/index.php\/wp-json\/wp\/v2\/pages\/243\/revisions\/969"}],"wp:attachment":[{"href":"https:\/\/comitecommemoratifargonne.fr\/index.php\/wp-json\/wp\/v2\/media?parent=243"}],"curies":[{"name":"wp","href":"https:\/\/api.w.org\/{rel}","templated":true}]}}