{"id":134,"date":"2019-09-01T12:07:01","date_gmt":"2019-09-01T10:07:01","guid":{"rendered":"http:\/\/comitecommemoratifargonne.fr\/?page_id=134"},"modified":"2025-04-21T10:32:30","modified_gmt":"2025-04-21T08:32:30","slug":"adherer","status":"publish","type":"page","link":"https:\/\/comitecommemoratifargonne.fr\/index.php\/soutenir\/adherer\/","title":{"rendered":"Adh\u00e9rer"},"content":{"rendered":"<p align=\"justify\">Le Comit\u00e9 Comm\u00e9moratif de l&rsquo;Argonne \u0153uvre depuis 1921 \u00e0 d\u00e9fendre le m\u00e9moire des combattants fran\u00e7ais, allemands, am\u00e9ricains, italiens et tch\u00e9coslovaques tomb\u00e9s en Argonne durant la Grande Guerre. Il assure \u00e9galement l&rsquo;entretien et la veille du Monument-Ossuaire de la Haute Chevauch\u00e9e, de la crypte qu&rsquo;il renferme, de l&rsquo;Abri du P\u00e8lerin, de la st\u00e8le Gouraud et de la Croix de la R\u00e9conciliation.<\/p>\n<p align=\"justify\">Notre association est g\u00e9r\u00e9e par un Comit\u00e9 de Direction compos\u00e9 d&rsquo;un Pr\u00e9sident, d&rsquo;un Vice-Pr\u00e9sident et d&rsquo;un Secr\u00e9taire-Tr\u00e9sorier et de deux autres membres. Ils r\u00e9alisent b\u00e9n\u00e9volement les diff\u00e9rentes t\u00e2ches administratives ainsi que divers petits travaux sur le site. L&rsquo;entretien des espaces verts environnants le monument et les travaux plus importants sont quant \u00e0 eux confi\u00e9s \u00e0 des entreprises locales.<\/p>\n<p align=\"justify\">Nous organisons tous les deux ans (ann\u00e9e impaire, sauf exception) entre la fin du mois de juin et le d\u00e9but du mois de juillet une c\u00e9r\u00e9monie comm\u00e9morant la m\u00e9moire de tous les combattants tu\u00e9s ou port\u00e9s disparus en Argonne.<\/p>\n<p align=\"justify\">La cotisation \u00e0 notre Comit\u00e9 est annuelle et elle comprend l&rsquo;adh\u00e9sion \u00e0 notre Comit\u00e9, l&rsquo;invitation aux c\u00e9r\u00e9monies que nous organisons et l&rsquo;envoi d&rsquo;un bulletin de liaison une fois par an.<\/p>\n<p><\/p>\n\n\n<h4 class=\"wp-block-heading has-text-align-center\">Montant des cotisations :<\/h4>\n\n\n<p align=\"justify\">Membre actif, associations, collectivit\u00e9s, organisations ou administrations : <strong>15,00 \u20ac<\/strong><br>Membre bienfaiteur : <strong>A partir de 16,00 \u20ac<\/strong><\/p>\n<p><\/p>\n\n\n<p align=\"justify\">Pour soutenir notre Comit\u00e9, vous pouvez soit t\u00e9l\u00e9charger le bulletin d&rsquo;adh\u00e9sion en cliquant sur le bouton ci-dessous et de nous le retourner avec votre r\u00e8glement suivant les conditions indiqu\u00e9es sur ce dernier.<\/p><br>\n\n\n\n<div class=\"wp-block-buttons is-content-justification-center is-layout-flex wp-container-1\">\n<div class=\"wp-block-button\"><a class=\"wp-block-button__link has-black-color has-vivid-cyan-blue-background-color has-text-color has-background wp-element-button\" href=\"https:\/\/www.calameo.com\/read\/007064487266c9ac6e2a3\" style=\"border-radius:100px\" target=\"_blank\" rel=\"noreferrer noopener\"><strong>T\u00e9l\u00e9charger le bulletin d&rsquo;adh\u00e9sion<\/strong><\/a><\/div>\n<\/div>\n\n\n\n<br><p align=\"justify\">Vous pouvez \u00e9galement r\u00e9gler votre cotisation ou nous faire un don en passant par la plateforme Helloasso, une plateforme enti\u00e8rement s\u00e9curis\u00e9e. Pour ce faire, il vous suffit de visiter notre page Helloasso en cliquant sur le bouton ci-dessous.<\/p><br>\n\n\n\n<div class=\"wp-block-buttons is-layout-flex\">\n<div class=\"wp-block-button aligncenter is-style-fill\"><a class=\"wp-block-button__link has-black-color has-vivid-cyan-blue-background-color has-text-color has-background wp-element-button\" href=\"https:\/\/www.helloasso.com\/associations\/comite-commemoratif-de-l-argonne\/adhesions\/adhesion-2023\" target=\"_blank\" rel=\"noreferrer noopener\"><strong>Helloasso<\/strong><\/a><\/div>\n<\/div>\n\n\n\n<br><p align=\"justify\">Le renouvellement des cotisations est annuel et il doit \u00eatre effectu\u00e9 d\u00e8s le 1<sup>er<\/sup> janvier de l&rsquo;ann\u00e9e en cours.<\/p><br>\n\n\n\n<p align=\"justify\">Depuis le 5 f\u00e9vrier 2021, notre association est reconnu d&rsquo;int\u00e9r\u00eat g\u00e9n\u00e9ral par les services de la Direction G\u00e9n\u00e9rale des Finances Publiques et elle peut \u00e0 ce titre r\u00e9diger des re\u00e7u fiscaux pour ses membres bienfaiteurs.<\/p><br>\n\n\n\n<p align=\"justify\">Un extrait de nos statut, la liste des membres du Comit\u00e9 de Direction de notre association et celle de nos Pr\u00e9sidents et Membres d&rsquo;Honneur sont \u00e9galement disponibles sur ce site.<\/p>\n","protected":false},"excerpt":{"rendered":"<p>Le Comit\u00e9 Comm\u00e9moratif de l&rsquo;Argonne \u0153uvre depuis 1921 \u00e0 d\u00e9fendre le m\u00e9moire des combattants fran\u00e7ais, allemands, am\u00e9ricains, italiens et tch\u00e9coslovaques tomb\u00e9s en Argonne durant la Grande Guerre. Il assure \u00e9galement l&rsquo;entretien et la veille du Monument-Ossuaire de la Haute Chevauch\u00e9e, de la crypte qu&rsquo;il renferme, de l&rsquo;Abri du P\u00e8lerin, de la st\u00e8le Gouraud et de&hellip;<a href=\"https:\/\/comitecommemoratifargonne.fr\/index.php\/soutenir\/adherer\/\" class=\"more-link\">Continue reading <span class=\"screen-reader-text\">Adh\u00e9rer<\/span><\/a><\/p>\n","protected":false},"author":1,"featured_media":0,"parent":42,"menu_order":1,"comment_status":"closed","ping_status":"closed","template":"page_fullwidth.php","meta":[],"_links":{"self":[{"href":"https:\/\/comitecommemoratifargonne.fr\/index.php\/wp-json\/wp\/v2\/pages\/134"}],"collection":[{"href":"https:\/\/comitecommemoratifargonne.fr\/index.php\/wp-json\/wp\/v2\/pages"}],"about":[{"href":"https:\/\/comitecommemoratifargonne.fr\/index.php\/wp-json\/wp\/v2\/types\/page"}],"author":[{"embeddable":true,"href":"https:\/\/comitecommemoratifargonne.fr\/index.php\/wp-json\/wp\/v2\/users\/1"}],"replies":[{"embeddable":true,"href":"https:\/\/comitecommemoratifargonne.fr\/index.php\/wp-json\/wp\/v2\/comments?post=134"}],"version-history":[{"count":36,"href":"https:\/\/comitecommemoratifargonne.fr\/index.php\/wp-json\/wp\/v2\/pages\/134\/revisions"}],"predecessor-version":[{"id":1022,"href":"https:\/\/comitecommemoratifargonne.fr\/index.php\/wp-json\/wp\/v2\/pages\/134\/revisions\/1022"}],"up":[{"embeddable":true,"href":"https:\/\/comitecommemoratifargonne.fr\/index.php\/wp-json\/wp\/v2\/pages\/42"}],"wp:attachment":[{"href":"https:\/\/comitecommemoratifargonne.fr\/index.php\/wp-json\/wp\/v2\/media?parent=134"}],"curies":[{"name":"wp","href":"https:\/\/api.w.org\/{rel}","templated":true}]}}