{"id":128,"date":"2019-09-01T12:00:59","date_gmt":"2019-09-01T10:00:59","guid":{"rendered":"http:\/\/comitecommemoratifargonne.fr\/?page_id=128"},"modified":"2023-03-30T22:55:26","modified_gmt":"2023-03-30T20:55:26","slug":"documents-utiles","status":"publish","type":"page","link":"https:\/\/comitecommemoratifargonne.fr\/index.php\/soutenir\/documents-utiles\/","title":{"rendered":"Documents utiles"},"content":{"rendered":"\n<h2 class=\"has-text-align-center wp-block-heading\">Extraits des statuts du<br>Comit\u00e9 Comm\u00e9moratif de l&rsquo;Argonne<\/h2>\n\n\n<p align=\"justify\"><em>Par suite de la d\u00e9cision prise par l&rsquo;organisation nationale du Souvenir Fran\u00e7ais de se s\u00e9parer du Comit\u00e9 d&rsquo;Argonne du Souvenir Fran\u00e7ais, avec effet du 31 juillet 1967, 24 heures, ce dernier a repris le 1er ao\u00fbt 1964, 0 heure, son appellation de Comit\u00e9 Comm\u00e9moratif de l&rsquo;Argonne, mesure approuv\u00e9e \u00e0 l&rsquo;unanimit\u00e9 des membres pr\u00e9sentes \u00e0 l&rsquo;Ossuaire de la Haute Chevauch\u00e9e (Argonne) le 30 juillet 1967.<\/em><\/p><br>\n\n\n<h4 class=\"has-text-align-center wp-block-heading\">EXTRAITS DES STATUTS<\/h4>\n\n\n\n<p align=\"justify\"><strong><u>Article 1 &#8211; Pr\u00e9ambule :<br><\/u><\/strong>Cr\u00e9\u00e9 en 1921, sans dur\u00e9e limit\u00e9e, le<strong> <\/strong>Comit\u00e9 Comm\u00e9moratif de l\u2019Argonne est une association \u00e0 but non lucratif r\u00e9gie par les lois du 1<sup>er<\/sup> juillet 1901 et du 30 mai 1916. Sa devise est : \u00ab&nbsp;A<em>fin que souvenir jamais ne meure&nbsp;<\/em>\u00bb<\/p><br>\n\n\n\n<p align=\"justify\"><strong>&nbsp;<\/strong><strong><u>Article 2 &#8211; Objectif :<br><\/u><\/strong>Le Comit\u00e9 Comm\u00e9moratif de l\u2019Argonne a pour but de perp\u00e9tuer la m\u00e9moire des officiers, des sous-officiers et des soldats tomb\u00e9s pour la France, de 1914 \u00e0 1918, sur le front d\u2019Argonne et de maintenir des liens d\u2019amiti\u00e9s et de solidarit\u00e9 entre les nations ayant pris part au conflit dans la r\u00e9gion.<br>Il entretient le Monument-Ossuaire de la Haute Chevauch\u00e9e, la crypte qu\u2019il renferme et l\u2019abri du P\u00e8lerin, situ\u00e9s sur la commune de Lachalade (55120), au bord de la Route D\u00e9partementale n\u00b0 38C dite \u00ab d\u2019acc\u00e8s au Monument de la Haute Chevauch\u00e9e \u00bb, dans la for\u00eat domaniale de la Haute Chevauch\u00e9e et plus pr\u00e9cis\u00e9ment sur les parcelles cadastr\u00e9es A5 et A6 d\u2019une contenance totale de 5 620 m\u00b2.<\/p><br>\n\n\n\n<p align=\"justify\"><strong><u>Article 5 \u2013 Comit\u00e9 de Direction et Bureau :<br><\/u><\/strong><strong>&nbsp;<\/strong>L&rsquo;Assembl\u00e9e g\u00e9n\u00e9rale \u00e9lit parmi ses membres, pour une dur\u00e9e de cinq (5) ans renouvelables, un Comit\u00e9 de direction compos\u00e9 d\u2019au moins cinq (5) membres. Il est charg\u00e9 d\u2019administrer b\u00e9n\u00e9volement l&rsquo;Association et est dirig\u00e9 par le Pr\u00e9sident de l&rsquo;Association.<br>Il se compose de&nbsp;:<\/p><br>\n\n\n\n<ul>\n<li>Membres \u00e9lus parmi lesquels il \u00e9lit un Bureau compos\u00e9 d\u2019un Pr\u00e9sident, d\u2019un Vice-pr\u00e9sident, d\u2019un Secr\u00e9taire-Tr\u00e9sorier. Les membres du bureau sont r\u00e9\u00e9ligibles et leurs fonctions sont b\u00e9n\u00e9voles.<\/li>\n\n\n\n<li>Membres de droit.<\/li>\n\n\n\n<li>Les membres d&rsquo;honneur, \u00e9lus en assembl\u00e9e g\u00e9n\u00e9rale pour r\u00e9compenser des services \u00e9minents rendus \u00e0 l&rsquo;Association.<\/li>\n\n\n\n<li>Le maire de Lachalade ou son repr\u00e9sentant.<\/li>\n<\/ul>\n\n\n\n<br><p align=\"justify\">Si vous souhaitez prendre connaissance de l&rsquo;int\u00e9gralit\u00e9 de nos statuts, il vous suffit de cliquer sur le bouton ci-dessous.<\/p><br>\n\n\n\n<div class=\"wp-block-buttons is-layout-flex\">\n<div class=\"wp-block-button\"><a class=\"wp-block-button__link has-black-color has-vivid-cyan-blue-background-color has-text-color has-background wp-element-button\" href=\"https:\/\/comitecommemoratifargonne.fr\/wp-content\/uploads\/2021\/07\/CCA_Statuts_signes.pdf\" style=\"border-radius:10px\" target=\"_blank\" rel=\"noreferrer noopener\"><strong>T\u00e9l\u00e9charger nos statuts<\/strong><\/a><\/div>\n<\/div>\n\n\n\n<h2 class=\"has-text-align-center wp-block-heading\">Composition des<br>Comit\u00e9s de Direction et d&rsquo;Honneur<\/h2>\n\n\n\n<h4 class=\"has-text-align-center wp-block-heading\"><br>COMITE DE DIRECTION<\/h4>\n\n\n\n<p align=\"justify\">Lors l&rsquo;assembl\u00e9e g\u00e9n\u00e9rale ordinaire qui s&rsquo;est tenu le dimanche 4 juillet 2021 \u00e0 l&rsquo;Abri du P\u00e8lerin les membres \u00e0 jour de leur cotisation ont d\u00e9cid\u00e9 d&rsquo;\u00e9lire Madame Armelle de Penanster, Messieurs Mika\u00ebl Embry, Edmond de Martimprey, Christian Rouyer et Geoffrey Thomas pour si\u00e9ger au Comit\u00e9 de Direction.<br><br>Le Comit\u00e9 de Direction du Comit\u00e9 Comm\u00e9moratif de l&rsquo;Argonne est compos\u00e9 des membres suivants (derni\u00e8re mise \u00e0 jour le 25 juin 2022) :<\/p><br>\n\n\n\n<p>&nbsp;&nbsp;&nbsp;&nbsp; &#8211; Pr\u00e9sident actif : Monsieur M. Embry<span style=\"text-decoration: underline;\"><strong><br><\/strong><\/span>&nbsp;&nbsp;&nbsp;&nbsp; &#8211; Vice-pr\u00e9sident actif : Monsieur C. Rouyer<br>&nbsp;&nbsp;&nbsp;&nbsp; &#8211; Secr\u00e9taire-Tr\u00e9sorier actif : Monsieur G. Thomas<br>&nbsp;&nbsp;&nbsp;&nbsp; &#8211; Autres membres actifs : Madame A. de Penanster et Monsieur E. de Martimprey<\/p>\n\n\n\n<h4 class=\"has-text-align-center wp-block-heading\">COMITE D&rsquo;HONNEUR<\/h4>\n\n\n\n<p align=\"justify\">Le Comit\u00e9 d&rsquo;Honneur du Comit\u00e9 Comm\u00e9moratif de l&rsquo;Argonne est compos\u00e9 des membres suivants (derni\u00e8re mise \u00e0 jour le 4 juillet 2021) :<\/p><br>\n\n\n\n<p>&nbsp;&nbsp;&nbsp;&nbsp; &#8211; Pr\u00e9sidente fondatrice : Madame la Comtesse G. de Martimprey<span style=\"text-decoration: underline;\"><strong><br><\/strong><\/span>&nbsp;&nbsp;&nbsp;&nbsp; &#8211; Pr\u00e9sidente d&rsquo;honneur : Madame la G\u00e9n\u00e9rale A. Rouyer<br>&nbsp;&nbsp;&nbsp;&nbsp; &#8211; Pr\u00e9sidente d&rsquo;honneur : Madame la G\u00e9n\u00e9rale C. d&rsquo;Arbonneau<br>&nbsp;&nbsp;&nbsp;&nbsp; &#8211; Pr\u00e9sident d&rsquo;honneur : Monsieur le Lieutenant-Colonel J. Fran\u00e7ois (nomm\u00e9 le 30 juin 2019)<\/p>\n\n\n\n<p>&nbsp;&nbsp;&nbsp;&nbsp; &#8211; Membre d&rsquo;honneur : Monsieur A. Buchner (nomm\u00e9 le 4 juillet 2021)<\/p>\n\n\n\n<br><p align=\"justify\">Ces personnes ont \u00e9t\u00e9 nomm\u00e9es au Comit\u00e9 d&rsquo;Honneur pour leur coop\u00e9ration active \u00e0 la gestion du Comit\u00e9 Comm\u00e9moratif de l&rsquo;Argonne.<\/p>\n\n\n\n<p><\/p>\n","protected":false},"excerpt":{"rendered":"<p>Extraits des statuts duComit\u00e9 Comm\u00e9moratif de l&rsquo;Argonne Par suite de la d\u00e9cision prise par l&rsquo;organisation nationale du Souvenir Fran\u00e7ais de se s\u00e9parer du Comit\u00e9 d&rsquo;Argonne du Souvenir Fran\u00e7ais, avec effet du 31 juillet 1967, 24 heures, ce dernier a repris le 1er ao\u00fbt 1964, 0 heure, son appellation de Comit\u00e9 Comm\u00e9moratif de l&rsquo;Argonne, mesure approuv\u00e9e&hellip;<a href=\"https:\/\/comitecommemoratifargonne.fr\/index.php\/soutenir\/documents-utiles\/\" class=\"more-link\">Continue reading <span class=\"screen-reader-text\">Documents utiles<\/span><\/a><\/p>\n","protected":false},"author":1,"featured_media":0,"parent":42,"menu_order":1,"comment_status":"closed","ping_status":"closed","template":"page_fullwidth.php","meta":[],"_links":{"self":[{"href":"https:\/\/comitecommemoratifargonne.fr\/index.php\/wp-json\/wp\/v2\/pages\/128"}],"collection":[{"href":"https:\/\/comitecommemoratifargonne.fr\/index.php\/wp-json\/wp\/v2\/pages"}],"about":[{"href":"https:\/\/comitecommemoratifargonne.fr\/index.php\/wp-json\/wp\/v2\/types\/page"}],"author":[{"embeddable":true,"href":"https:\/\/comitecommemoratifargonne.fr\/index.php\/wp-json\/wp\/v2\/users\/1"}],"replies":[{"embeddable":true,"href":"https:\/\/comitecommemoratifargonne.fr\/index.php\/wp-json\/wp\/v2\/comments?post=128"}],"version-history":[{"count":46,"href":"https:\/\/comitecommemoratifargonne.fr\/index.php\/wp-json\/wp\/v2\/pages\/128\/revisions"}],"predecessor-version":[{"id":981,"href":"https:\/\/comitecommemoratifargonne.fr\/index.php\/wp-json\/wp\/v2\/pages\/128\/revisions\/981"}],"up":[{"embeddable":true,"href":"https:\/\/comitecommemoratifargonne.fr\/index.php\/wp-json\/wp\/v2\/pages\/42"}],"wp:attachment":[{"href":"https:\/\/comitecommemoratifargonne.fr\/index.php\/wp-json\/wp\/v2\/media?parent=128"}],"curies":[{"name":"wp","href":"https:\/\/api.w.org\/{rel}","templated":true}]}}